{"id":9025,"date":"2026-01-15T20:13:21","date_gmt":"2026-01-15T23:13:21","guid":{"rendered":"https:\/\/sevenbikers.com.br\/loja\/?post_type=product&#038;p=9025"},"modified":"2026-01-23T02:03:20","modified_gmt":"2026-01-23T05:03:20","slug":"camisa-elite-brasil-2026","status":"publish","type":"product","link":"https:\/\/sevenbikers.com.br\/loja\/produto\/camisa-elite-brasil-2026\/","title":{"rendered":"CAMISA ELITE BRASIL 2026"},"content":{"rendered":"<p style=\"margin: 0cm; background: #FFFEFE;\"><span style=\"font-size: 10.0pt; font-family: 'Arial',sans-serif; color: #333333;\">Camisa Ciclismo Elite Seven Bikers do Brasil sem Gola<br \/>\n<\/span><span style=\"font-size: 10.0pt; font-family: 'Arial',sans-serif; color: #333333;\">Modelos: Masculino e Feminino<br \/>\nTratamento bactericida evitando o mau cheiro<br \/>\nZ\u00edper YKK Destac\u00e1vel inteligente<br \/>\n3 Bolsos traseiros com faixas refletivas<br \/>\nManga com corte a laser<br \/>\nBarra de silicone<br \/>\nLaterais em tecido Dry 88% Poliester microperfurado e 12% Elastano<br \/>\nFrente, costa, bolso, gola e mangas em tecido Lessy 90% Poliester e 10% Elastano<\/span><\/p>\n","protected":false},"excerpt":{"rendered":"<p><strong>VER TABELAS DE MEDIDAS (MASCULINAS e FEMININAS). <\/strong><\/p>\n<p><strong><span style=\"color: red;\">OS MODELOS ELITE S\u00c3O FIT E FICAM COLADOS NO CORPO. SUGERIMOS QUE VOC\u00ca PE\u00c7A UM N\u00daMERO ACIMA DO QUE EST\u00c1 ACOSTUMADO A USAR NO MODELO B\u00c1SICO.<\/span><\/strong><\/p>\n<p><strong>N\u00c3O ACEITAREMOS DEVOLU\u00c7\u00c3O POR ERROS NAS MEDIDAS.<\/strong><\/p>\n","protected":false},"featured_media":8985,"template":"","meta":{"site-sidebar-layout":"default","site-content-layout":"default","ast-site-content-layout":"default","site-content-style":"default","site-sidebar-style":"default","ast-global-header-display":"","ast-banner-title-visibility":"","ast-main-header-display":"","ast-hfb-above-header-display":"","ast-hfb-below-header-display":"","ast-hfb-mobile-header-display":"","site-post-title":"","ast-breadcrumbs-content":"","ast-featured-img":"","footer-sml-layout":"","ast-disable-related-posts":"","theme-transparent-header-meta":"default","adv-header-id-meta":"","stick-header-meta":"default","header-above-stick-meta":"","header-main-stick-meta":"","header-below-stick-meta":"","astra-migrate-meta-layouts":"set","ast-page-background-enabled":"default","ast-page-background-meta":{"desktop":{"background-color":"","background-image":"","background-repeat":"repeat","background-position":"center center","background-size":"auto","background-attachment":"scroll","background-type":"","background-media":"","overlay-type":"","overlay-color":"","overlay-opacity":"","overlay-gradient":""},"tablet":{"background-color":"","background-image":"","background-repeat":"repeat","background-position":"center center","background-size":"auto","background-attachment":"scroll","background-type":"","background-media":"","overlay-type":"","overlay-color":"","overlay-opacity":"","overlay-gradient":""},"mobile":{"background-color":"","background-image":"","background-repeat":"repeat","background-position":"center center","background-size":"auto","background-attachment":"scroll","background-type":"","background-media":"","overlay-type":"","overlay-color":"","overlay-opacity":"","overlay-gradient":""}},"ast-content-background-meta":{"desktop":{"background-color":"var(--ast-global-color-5)","background-image":"","background-repeat":"repeat","background-position":"center center","background-size":"auto","background-attachment":"scroll","background-type":"","background-media":"","overlay-type":"","overlay-color":"","overlay-opacity":"","overlay-gradient":""},"tablet":{"background-color":"var(--ast-global-color-5)","background-image":"","background-repeat":"repeat","background-position":"center center","background-size":"auto","background-attachment":"scroll","background-type":"","background-media":"","overlay-type":"","overlay-color":"","overlay-opacity":"","overlay-gradient":""},"mobile":{"background-color":"var(--ast-global-color-5)","background-image":"","background-repeat":"repeat","background-position":"center center","background-size":"auto","background-attachment":"scroll","background-type":"","background-media":"","overlay-type":"","overlay-color":"","overlay-opacity":"","overlay-gradient":""}}},"product_brand":[],"product_cat":[327,334,314],"product_tag":[],"class_list":{"0":"post-9025","1":"product","2":"type-product","3":"status-publish","4":"has-post-thumbnail","6":"product_cat-camisa-elite-brasil-2026","7":"product_cat-camisa-sbrasil-2026","8":"product_cat-camisa-brasil-2026","9":"desktop-align-left","10":"tablet-align-left","11":"mobile-align-left","12":"ast-product-gallery-layout-horizontal","13":"ast-product-single-variable","14":"ast-product-tabs-layout-vertical","16":"first","17":"onbackorder","18":"shipping-taxable","19":"purchasable","20":"product-type-variable"},"_links":{"self":[{"href":"https:\/\/sevenbikers.com.br\/loja\/wp-json\/wp\/v2\/product\/9025","targetHints":{"allow":["GET"]}}],"collection":[{"href":"https:\/\/sevenbikers.com.br\/loja\/wp-json\/wp\/v2\/product"}],"about":[{"href":"https:\/\/sevenbikers.com.br\/loja\/wp-json\/wp\/v2\/types\/product"}],"wp:featuredmedia":[{"embeddable":true,"href":"https:\/\/sevenbikers.com.br\/loja\/wp-json\/wp\/v2\/media\/8985"}],"wp:attachment":[{"href":"https:\/\/sevenbikers.com.br\/loja\/wp-json\/wp\/v2\/media?parent=9025"}],"wp:term":[{"taxonomy":"product_brand","embeddable":true,"href":"https:\/\/sevenbikers.com.br\/loja\/wp-json\/wp\/v2\/product_brand?post=9025"},{"taxonomy":"product_cat","embeddable":true,"href":"https:\/\/sevenbikers.com.br\/loja\/wp-json\/wp\/v2\/product_cat?post=9025"},{"taxonomy":"product_tag","embeddable":true,"href":"https:\/\/sevenbikers.com.br\/loja\/wp-json\/wp\/v2\/product_tag?post=9025"}],"curies":[{"name":"wp","href":"https:\/\/api.w.org\/{rel}","templated":true}]}}