{"id":8303,"date":"2025-03-10T22:04:40","date_gmt":"2025-03-11T01:04:40","guid":{"rendered":"https:\/\/sevenbikers.com.br\/loja\/?post_type=product&#038;p=8303"},"modified":"2026-05-11T11:30:21","modified_gmt":"2026-05-11T14:30:21","slug":"macaquinho-feminino-7-anos","status":"publish","type":"product","link":"https:\/\/sevenbikers.com.br\/loja\/produto\/macaquinho-feminino-7-anos\/","title":{"rendered":"MACAQUINHO FEMININO 7 ANOS"},"content":{"rendered":"<p>Tecido Compressivo Sportiva Pro da Sta Const\u00e2ncia<br \/>\nTecido Cirre poli\u00e9ster nas partes sublimadas Poliester 90% e 10%Elastano<br \/>\nFormato Anat\u00f4mico<br \/>\nTecido duplo na parte do bumbum para evitar transpar\u00eancia<br \/>\nAl\u00e7a em tecido microperfurado<br \/>\n<span style=\"font-size: 16px;\">3 Bolsos nas costas<br \/>\n<\/span>Ziper YKK na frente<br \/>\nCostura flat que evita desconforto<br \/>\nCom barras compress\u00e3o, sem el\u00e1stico<br \/>\nBarra compressiva, sem el\u00e1stico<br \/>\nNome do grupo Seven Bikers na manga do macaquinho<br \/>\nPossibilidade de incluir o nome do ciclista nas costas do macaquinho (Valor adicional de R$ 20,00)<br \/>\nForro Nacional: PAD Masculino\/Feminino 100% Poliamida<br \/>\nForro Premium (Importado): Race Pro Unissex Gel 100% Poli\u00e9ster (ideal para treino de longa dura\u00e7\u00e3o)<\/p>\n<p>Possui em sua composi\u00e7\u00e3o LYCRA em mistura com Poliamida Amni de alta capilaridade, proporcionando ader\u00eancia ao corpo e acompanhando com elasticidade controlada os movimentos dos m\u00fasculos, minimizando a vibra\u00e7\u00e3o muscular, retardando a fadiga e at\u00e9 prevenindo distens\u00f5es e c\u00e2imbras.<br \/>\nTecido homologado pela Rhodia Solvay Group com a marca Amni Action. Possui prote\u00e7\u00e3o UV 50+.<br \/>\nComposto por microfibras que transportam o suor para fora do tecido, mantendo o corpo seco e a temperatura est\u00e1vel.<br \/>\nTecnologia que acompanha os movimentos do corpo, proporcionando maior liberdade.<br \/>\nComposi\u00e7\u00e3o: 77% Poliamida e 23% Elastano<\/p>\n","protected":false},"excerpt":{"rendered":"<p><strong>VER TABELAS DE MEDIDAS. N\u00c3O ACEITAREMOS DEVOLU\u00c7\u00c3O POR ERROS NAS MEDIDAS.<\/strong><\/p>\n","protected":false},"featured_media":8306,"template":"","meta":{"site-sidebar-layout":"default","site-content-layout":"default","ast-site-content-layout":"default","site-content-style":"default","site-sidebar-style":"default","ast-global-header-display":"","ast-banner-title-visibility":"","ast-main-header-display":"","ast-hfb-above-header-display":"","ast-hfb-below-header-display":"","ast-hfb-mobile-header-display":"","site-post-title":"","ast-breadcrumbs-content":"","ast-featured-img":"","footer-sml-layout":"","ast-disable-related-posts":"","theme-transparent-header-meta":"default","adv-header-id-meta":"","stick-header-meta":"default","header-above-stick-meta":"","header-main-stick-meta":"","header-below-stick-meta":"","astra-migrate-meta-layouts":"set","ast-page-background-enabled":"default","ast-page-background-meta":{"desktop":{"background-color":"","background-image":"","background-repeat":"repeat","background-position":"center center","background-size":"auto","background-attachment":"scroll","background-type":"","background-media":"","overlay-type":"","overlay-color":"","overlay-opacity":"","overlay-gradient":""},"tablet":{"background-color":"","background-image":"","background-repeat":"repeat","background-position":"center center","background-size":"auto","background-attachment":"scroll","background-type":"","background-media":"","overlay-type":"","overlay-color":"","overlay-opacity":"","overlay-gradient":""},"mobile":{"background-color":"","background-image":"","background-repeat":"repeat","background-position":"center center","background-size":"auto","background-attachment":"scroll","background-type":"","background-media":"","overlay-type":"","overlay-color":"","overlay-opacity":"","overlay-gradient":""}},"ast-content-background-meta":{"desktop":{"background-color":"var(--ast-global-color-5)","background-image":"","background-repeat":"repeat","background-position":"center center","background-size":"auto","background-attachment":"scroll","background-type":"","background-media":"","overlay-type":"","overlay-color":"","overlay-opacity":"","overlay-gradient":""},"tablet":{"background-color":"var(--ast-global-color-5)","background-image":"","background-repeat":"repeat","background-position":"center center","background-size":"auto","background-attachment":"scroll","background-type":"","background-media":"","overlay-type":"","overlay-color":"","overlay-opacity":"","overlay-gradient":""},"mobile":{"background-color":"var(--ast-global-color-5)","background-image":"","background-repeat":"repeat","background-position":"center center","background-size":"auto","background-attachment":"scroll","background-type":"","background-media":"","overlay-type":"","overlay-color":"","overlay-opacity":"","overlay-gradient":""}}},"product_brand":[],"product_cat":[301,309],"product_tag":[],"class_list":{"0":"post-8303","1":"product","2":"type-product","3":"status-publish","4":"has-post-thumbnail","6":"product_cat-7-anos","7":"product_cat-macaquinho-7-anos","8":"desktop-align-left","9":"tablet-align-left","10":"mobile-align-left","11":"ast-product-gallery-layout-horizontal","12":"ast-product-single-variable","13":"ast-product-tabs-layout-vertical","15":"first","16":"outofstock","17":"featured","18":"shipping-taxable","19":"purchasable","20":"product-type-variable"},"_links":{"self":[{"href":"https:\/\/sevenbikers.com.br\/loja\/wp-json\/wp\/v2\/product\/8303","targetHints":{"allow":["GET"]}}],"collection":[{"href":"https:\/\/sevenbikers.com.br\/loja\/wp-json\/wp\/v2\/product"}],"about":[{"href":"https:\/\/sevenbikers.com.br\/loja\/wp-json\/wp\/v2\/types\/product"}],"wp:featuredmedia":[{"embeddable":true,"href":"https:\/\/sevenbikers.com.br\/loja\/wp-json\/wp\/v2\/media\/8306"}],"wp:attachment":[{"href":"https:\/\/sevenbikers.com.br\/loja\/wp-json\/wp\/v2\/media?parent=8303"}],"wp:term":[{"taxonomy":"product_brand","embeddable":true,"href":"https:\/\/sevenbikers.com.br\/loja\/wp-json\/wp\/v2\/product_brand?post=8303"},{"taxonomy":"product_cat","embeddable":true,"href":"https:\/\/sevenbikers.com.br\/loja\/wp-json\/wp\/v2\/product_cat?post=8303"},{"taxonomy":"product_tag","embeddable":true,"href":"https:\/\/sevenbikers.com.br\/loja\/wp-json\/wp\/v2\/product_tag?post=8303"}],"curies":[{"name":"wp","href":"https:\/\/api.w.org\/{rel}","templated":true}]}}