{"id":3791,"date":"2022-01-19T18:22:02","date_gmt":"2022-01-19T21:22:02","guid":{"rendered":"https:\/\/sevenbikers.com.br\/loja\/?post_type=product&#038;p=3791"},"modified":"2026-01-16T21:06:51","modified_gmt":"2026-01-17T00:06:51","slug":"camisa-de-ciclismo-basica","status":"publish","type":"product","link":"https:\/\/sevenbikers.com.br\/loja\/produto\/camisa-de-ciclismo-basica\/","title":{"rendered":"CAMISA B\u00c1SICA"},"content":{"rendered":"<p style=\"margin: 0cm; background: #FFFEFE;\"><span style=\"font-size: 10.0pt; font-family: 'Arial',sans-serif; color: #333333;\">Camisa Ciclismo com Gola<br \/>\nModelos: Masculino e Feminino<br \/>\nTratamento bactericida evitando o mau cheiro<br \/>\nZ\u00edper YKK\u00a0 Destac\u00e1vel inteligente<br \/>\nModelagem performance<br \/>\n3 Bolsos traseiros<br \/>\nEl\u00e1stico embutido na barra<\/span><\/p>\n<p style=\"margin: 0cm; background: #FFFEFE;\"><span style=\"font-size: 10.0pt; font-family: 'Arial',sans-serif; color: #333333;\">Nome do grupo Seven Bikers na manga da camisa<br \/>\nPossibilidade de incluir o nome do ciclista nas costas da camisa (Valor adicional de R$ 20,00)<br \/>\n<\/span><span style=\"font-size: 10.0pt; font-family: 'Arial',sans-serif; color: #333333;\">Frente e laterais em tecido Dry 88% Poliester microperfurado e 12% Elastano<br \/>\nCosta, bolso, gola e mangas em tecido Lessy 90% Poliester e 10% Elastano<\/span><\/p>\n<p>&nbsp;<\/p>\n","protected":false},"excerpt":{"rendered":"<p><strong>VER TABELAS DE MEDIDAS (MASCULINAS e FEMININAS). N\u00c3O ACEITAREMOS DEVOLU\u00c7\u00c3O POR ERROS NAS MEDIDAS.<\/strong><\/p>\n","protected":false},"featured_media":3906,"template":"","meta":{"site-sidebar-layout":"default","site-content-layout":"default","ast-site-content-layout":"default","site-content-style":"default","site-sidebar-style":"default","ast-global-header-display":"","ast-banner-title-visibility":"","ast-main-header-display":"","ast-hfb-above-header-display":"","ast-hfb-below-header-display":"","ast-hfb-mobile-header-display":"","site-post-title":"","ast-breadcrumbs-content":"","ast-featured-img":"","footer-sml-layout":"","ast-disable-related-posts":"","theme-transparent-header-meta":"default","adv-header-id-meta":"","stick-header-meta":"default","header-above-stick-meta":"","header-main-stick-meta":"","header-below-stick-meta":"","astra-migrate-meta-layouts":"set","ast-page-background-enabled":"default","ast-page-background-meta":{"desktop":{"background-color":"","background-image":"","background-repeat":"repeat","background-position":"center center","background-size":"auto","background-attachment":"scroll","background-type":"","background-media":"","overlay-type":"","overlay-color":"","overlay-opacity":"","overlay-gradient":""},"tablet":{"background-color":"","background-image":"","background-repeat":"repeat","background-position":"center center","background-size":"auto","background-attachment":"scroll","background-type":"","background-media":"","overlay-type":"","overlay-color":"","overlay-opacity":"","overlay-gradient":""},"mobile":{"background-color":"","background-image":"","background-repeat":"repeat","background-position":"center center","background-size":"auto","background-attachment":"scroll","background-type":"","background-media":"","overlay-type":"","overlay-color":"","overlay-opacity":"","overlay-gradient":""}},"ast-content-background-meta":{"desktop":{"background-color":"var(--ast-global-color-5)","background-image":"","background-repeat":"repeat","background-position":"center center","background-size":"auto","background-attachment":"scroll","background-type":"","background-media":"","overlay-type":"","overlay-color":"","overlay-opacity":"","overlay-gradient":""},"tablet":{"background-color":"var(--ast-global-color-5)","background-image":"","background-repeat":"repeat","background-position":"center center","background-size":"auto","background-attachment":"scroll","background-type":"","background-media":"","overlay-type":"","overlay-color":"","overlay-opacity":"","overlay-gradient":""},"mobile":{"background-color":"var(--ast-global-color-5)","background-image":"","background-repeat":"repeat","background-position":"center center","background-size":"auto","background-attachment":"scroll","background-type":"","background-media":"","overlay-type":"","overlay-color":"","overlay-opacity":"","overlay-gradient":""}}},"product_brand":[],"product_cat":[225,224,199],"product_tag":[],"class_list":{"0":"post-3791","1":"product","2":"type-product","3":"status-publish","4":"has-post-thumbnail","6":"product_cat-basica-camisa-de-ciclismo-lancamentos-2022","7":"product_cat-camisa-de-ciclismo-lancamentos-2022","8":"product_cat-lancamentos-2022","9":"desktop-align-left","10":"tablet-align-left","11":"mobile-align-left","12":"ast-product-gallery-layout-horizontal","13":"ast-product-single-variable","14":"ast-product-tabs-layout-vertical","16":"first","17":"onbackorder","18":"shipping-taxable","19":"purchasable","20":"product-type-variable"},"_links":{"self":[{"href":"https:\/\/sevenbikers.com.br\/loja\/wp-json\/wp\/v2\/product\/3791","targetHints":{"allow":["GET"]}}],"collection":[{"href":"https:\/\/sevenbikers.com.br\/loja\/wp-json\/wp\/v2\/product"}],"about":[{"href":"https:\/\/sevenbikers.com.br\/loja\/wp-json\/wp\/v2\/types\/product"}],"wp:featuredmedia":[{"embeddable":true,"href":"https:\/\/sevenbikers.com.br\/loja\/wp-json\/wp\/v2\/media\/3906"}],"wp:attachment":[{"href":"https:\/\/sevenbikers.com.br\/loja\/wp-json\/wp\/v2\/media?parent=3791"}],"wp:term":[{"taxonomy":"product_brand","embeddable":true,"href":"https:\/\/sevenbikers.com.br\/loja\/wp-json\/wp\/v2\/product_brand?post=3791"},{"taxonomy":"product_cat","embeddable":true,"href":"https:\/\/sevenbikers.com.br\/loja\/wp-json\/wp\/v2\/product_cat?post=3791"},{"taxonomy":"product_tag","embeddable":true,"href":"https:\/\/sevenbikers.com.br\/loja\/wp-json\/wp\/v2\/product_tag?post=3791"}],"curies":[{"name":"wp","href":"https:\/\/api.w.org\/{rel}","templated":true}]}}