{"id":2979,"date":"2021-07-19T09:33:09","date_gmt":"2021-07-19T12:33:09","guid":{"rendered":"https:\/\/sevenbikers.com.br\/loja\/?post_type=product&#038;p=2979"},"modified":"2026-02-13T16:19:47","modified_gmt":"2026-02-13T19:19:47","slug":"meia-de-ciclismo-modelo-novo","status":"publish","type":"product","link":"https:\/\/sevenbikers.com.br\/loja\/produto\/meia-de-ciclismo-modelo-novo\/","title":{"rendered":"Meia de Ciclismo Cano M\u00e9dio"},"content":{"rendered":"<p>A <strong>Meia de Ciclismo Seven Bikers<\/strong> \u00e9 um dos acess\u00f3rios mais usados entre os ciclistas, pois al\u00e9m de servir de prote\u00e7\u00e3o, tamb\u00e9m completa o fardamento. Feita de fio de poliamida, material resistente, leve e muito confort\u00e1vel. Possui telas de respiro na sola e parte superior dos p\u00e9s, facilitando a troca t\u00e9rmica e evitando que o p\u00e9 fique muito \u00famido. Possui tratamento bactericida com \u00edons de prata, que afasta as bact\u00e9rias, evitando odores indesej\u00e1veis.<\/p>\n<p class=\"font_8\"><span class=\"wixGuard\">\u200b<\/span>Tamanho \u00fanico: Cano M\u00e9dio<\/p>\n","protected":false},"excerpt":{"rendered":"<p>A Meia de Ciclismo Seven Bikers \u00e9 um dos acess\u00f3rios mais usados entre os ciclistas, pois al\u00e9m de servir de prote\u00e7\u00e3o, tamb\u00e9m completa o fardamento. Feita de fio de poliamida, material resistente, leve e muito confort\u00e1vel. Possui telas de respiro na sola e parte superior dos p\u00e9s, facilitando a troca t\u00e9rmica e evitando que o [&hellip;]<\/p>\n","protected":false},"featured_media":5526,"template":"","meta":{"site-sidebar-layout":"default","site-content-layout":"default","ast-site-content-layout":"default","site-content-style":"default","site-sidebar-style":"default","ast-global-header-display":"","ast-banner-title-visibility":"","ast-main-header-display":"","ast-hfb-above-header-display":"","ast-hfb-below-header-display":"","ast-hfb-mobile-header-display":"","site-post-title":"","ast-breadcrumbs-content":"","ast-featured-img":"","footer-sml-layout":"","ast-disable-related-posts":"","theme-transparent-header-meta":"default","adv-header-id-meta":"","stick-header-meta":"default","header-above-stick-meta":"","header-main-stick-meta":"","header-below-stick-meta":"","astra-migrate-meta-layouts":"set","ast-page-background-enabled":"default","ast-page-background-meta":{"desktop":{"background-color":"","background-image":"","background-repeat":"repeat","background-position":"center center","background-size":"auto","background-attachment":"scroll","background-type":"","background-media":"","overlay-type":"","overlay-color":"","overlay-opacity":"","overlay-gradient":""},"tablet":{"background-color":"","background-image":"","background-repeat":"repeat","background-position":"center center","background-size":"auto","background-attachment":"scroll","background-type":"","background-media":"","overlay-type":"","overlay-color":"","overlay-opacity":"","overlay-gradient":""},"mobile":{"background-color":"","background-image":"","background-repeat":"repeat","background-position":"center center","background-size":"auto","background-attachment":"scroll","background-type":"","background-media":"","overlay-type":"","overlay-color":"","overlay-opacity":"","overlay-gradient":""}},"ast-content-background-meta":{"desktop":{"background-color":"var(--ast-global-color-5)","background-image":"","background-repeat":"repeat","background-position":"center center","background-size":"auto","background-attachment":"scroll","background-type":"","background-media":"","overlay-type":"","overlay-color":"","overlay-opacity":"","overlay-gradient":""},"tablet":{"background-color":"var(--ast-global-color-5)","background-image":"","background-repeat":"repeat","background-position":"center center","background-size":"auto","background-attachment":"scroll","background-type":"","background-media":"","overlay-type":"","overlay-color":"","overlay-opacity":"","overlay-gradient":""},"mobile":{"background-color":"var(--ast-global-color-5)","background-image":"","background-repeat":"repeat","background-position":"center center","background-size":"auto","background-attachment":"scroll","background-type":"","background-media":"","overlay-type":"","overlay-color":"","overlay-opacity":"","overlay-gradient":""}}},"product_brand":[],"product_cat":[39,64,101],"product_tag":[],"class_list":{"0":"post-2979","1":"product","2":"type-product","3":"status-publish","4":"has-post-thumbnail","6":"product_cat-acessorios","7":"product_cat-meia-de-ciclismo","8":"product_cat-meia-de-ciclismo-calcados","9":"desktop-align-left","10":"tablet-align-left","11":"mobile-align-left","12":"ast-product-gallery-layout-horizontal","13":"ast-product-single-variable","14":"ast-product-tabs-layout-vertical","16":"first","17":"onbackorder","18":"shipping-taxable","19":"purchasable","20":"product-type-variable"},"_links":{"self":[{"href":"https:\/\/sevenbikers.com.br\/loja\/wp-json\/wp\/v2\/product\/2979","targetHints":{"allow":["GET"]}}],"collection":[{"href":"https:\/\/sevenbikers.com.br\/loja\/wp-json\/wp\/v2\/product"}],"about":[{"href":"https:\/\/sevenbikers.com.br\/loja\/wp-json\/wp\/v2\/types\/product"}],"wp:featuredmedia":[{"embeddable":true,"href":"https:\/\/sevenbikers.com.br\/loja\/wp-json\/wp\/v2\/media\/5526"}],"wp:attachment":[{"href":"https:\/\/sevenbikers.com.br\/loja\/wp-json\/wp\/v2\/media?parent=2979"}],"wp:term":[{"taxonomy":"product_brand","embeddable":true,"href":"https:\/\/sevenbikers.com.br\/loja\/wp-json\/wp\/v2\/product_brand?post=2979"},{"taxonomy":"product_cat","embeddable":true,"href":"https:\/\/sevenbikers.com.br\/loja\/wp-json\/wp\/v2\/product_cat?post=2979"},{"taxonomy":"product_tag","embeddable":true,"href":"https:\/\/sevenbikers.com.br\/loja\/wp-json\/wp\/v2\/product_tag?post=2979"}],"curies":[{"name":"wp","href":"https:\/\/api.w.org\/{rel}","templated":true}]}}