{"id":2280,"date":"2021-01-13T17:09:26","date_gmt":"2021-01-13T20:09:26","guid":{"rendered":"https:\/\/sevenbikers.com.br\/loja\/?post_type=product&#038;p=2280"},"modified":"2025-10-28T16:51:12","modified_gmt":"2025-10-28T19:51:12","slug":"tenda-pit-stop","status":"publish","type":"product","link":"https:\/\/sevenbikers.com.br\/loja\/produto\/tenda-pit-stop\/","title":{"rendered":"Tenda Pit Stop"},"content":{"rendered":"<p>A Tenda Pit Stop \u00e9 outro produto exclusivo para os grupos Seven Bikers, assim como a bandeira. Feito pela Stall-Up Tendas&amp;Barracas possui as seguintes caracter\u00edsticas:<\/p>\n<ul>\n<li>Medida de 3 x 3m (9m<u>\u00b2<\/u>)<\/li>\n<li>Feita de PVC (espessura= 0,40mm\/ 100% poli\u00e9ster de alta tenacidade\/ aditiva\u00e7\u00e3o UV e anti-fungo\/ 1 ano de garantia contra ressecamento e perda de cor).<\/li>\n<li>Tenda de montagem r\u00e1pida semi-autom\u00e1tica, <strong>ABRE E FECHA EM 60 SEGUNDOS<\/strong>, sem a necessidade de montagem da estrutura, cobertura, parafusos e ferragens.<\/li>\n<li>Estrutura montada com porcas travantes e lona da cobertura fixada na estrutura com velcro importado.<\/li>\n<li>Estrutura de a\u00e7o carbono especial, tratado com <strong>zinco branco<\/strong>, p\u00e9s de sustenta\u00e7\u00e3o em formato quadrado 25x25mm e travessas ovais 30x16mm, base de apoio dos p\u00e9s em chapa de a\u00e7o carbono.<\/li>\n<li>Quatro travas superiores de seguran\u00e7a de a\u00e7o temperado, para travamento quando aberta.<\/li>\n<li>Quatro travas de a\u00e7o temperado para regulagem da altura.<\/li>\n<li>P\u00e9 direito regul\u00e1vel a 1,85 e 2,00m.<\/li>\n<li>Garantia da estrutura \u00e9 de 6 meses contra defeito de fabrica\u00e7\u00e3o<\/li>\n<li>Cobertura imperme\u00e1vel e anti-chama, com borda de 40 cm e fixada na estrutura atrav\u00e9s de velcro.<\/li>\n<li>Capa de prote\u00e7\u00e3o para transporte<\/li>\n<li>Manual de instru\u00e7\u00f5es de montagem, desmontagem.<\/li>\n<li>Dimens\u00f5es e peso dela para transporte e envio por transportadora: 35kg medida maior 27x27x1,52<\/li>\n<li>Cuidados especiais: quando aberta para uso precisa amarrar muito bem.<u><\/u><\/li>\n<\/ul>\n<p><strong>PAGAMENTO<\/strong>: 6x no cart\u00e3o ou \u00e0 vista c\/desconto (valores sob consulta, pois podem podendo sofrer altera\u00e7\u00f5es sem aviso pr\u00e9vio do Fornecedor). A vista o valor tem desconto. Favor consultar a diretoria para atualiza\u00e7\u00e3o do valor, bem como or\u00e7ar o custo do envio (frete).<\/p>\n<p><strong>FRETE: <\/strong>por conta do comprador<\/p>\n","protected":false},"excerpt":{"rendered":"<p>A Tenda Pit Stop \u00e9 outro produto exclusivo para os grupos Seven Bikers, assim como a bandeira. Feito pela Stall-Up Tendas&amp;Barracas possui as seguintes caracter\u00edsticas: Medida de 3 x 3m (9m\u00b2) Feita de PVC (espessura= 0,40mm\/ 100% poli\u00e9ster de alta tenacidade\/ aditiva\u00e7\u00e3o UV e anti-fungo\/ 1 ano de garantia contra ressecamento e perda de cor). [&hellip;]<\/p>\n","protected":false},"featured_media":2282,"template":"","meta":{"site-sidebar-layout":"default","site-content-layout":"default","ast-site-content-layout":"default","site-content-style":"default","site-sidebar-style":"default","ast-global-header-display":"","ast-banner-title-visibility":"","ast-main-header-display":"","ast-hfb-above-header-display":"","ast-hfb-below-header-display":"","ast-hfb-mobile-header-display":"","site-post-title":"","ast-breadcrumbs-content":"","ast-featured-img":"","footer-sml-layout":"","ast-disable-related-posts":"","theme-transparent-header-meta":"default","adv-header-id-meta":"","stick-header-meta":"default","header-above-stick-meta":"","header-main-stick-meta":"","header-below-stick-meta":"","astra-migrate-meta-layouts":"set","ast-page-background-enabled":"default","ast-page-background-meta":{"desktop":{"background-color":"","background-image":"","background-repeat":"repeat","background-position":"center center","background-size":"auto","background-attachment":"scroll","background-type":"","background-media":"","overlay-type":"","overlay-color":"","overlay-opacity":"","overlay-gradient":""},"tablet":{"background-color":"","background-image":"","background-repeat":"repeat","background-position":"center center","background-size":"auto","background-attachment":"scroll","background-type":"","background-media":"","overlay-type":"","overlay-color":"","overlay-opacity":"","overlay-gradient":""},"mobile":{"background-color":"","background-image":"","background-repeat":"repeat","background-position":"center center","background-size":"auto","background-attachment":"scroll","background-type":"","background-media":"","overlay-type":"","overlay-color":"","overlay-opacity":"","overlay-gradient":""}},"ast-content-background-meta":{"desktop":{"background-color":"var(--ast-global-color-5)","background-image":"","background-repeat":"repeat","background-position":"center center","background-size":"auto","background-attachment":"scroll","background-type":"","background-media":"","overlay-type":"","overlay-color":"","overlay-opacity":"","overlay-gradient":""},"tablet":{"background-color":"var(--ast-global-color-5)","background-image":"","background-repeat":"repeat","background-position":"center center","background-size":"auto","background-attachment":"scroll","background-type":"","background-media":"","overlay-type":"","overlay-color":"","overlay-opacity":"","overlay-gradient":""},"mobile":{"background-color":"var(--ast-global-color-5)","background-image":"","background-repeat":"repeat","background-position":"center center","background-size":"auto","background-attachment":"scroll","background-type":"","background-media":"","overlay-type":"","overlay-color":"","overlay-opacity":"","overlay-gradient":""}}},"product_brand":[],"product_cat":[140],"product_tag":[],"class_list":{"0":"post-2280","1":"product","2":"type-product","3":"status-publish","4":"has-post-thumbnail","6":"product_cat-tenda-pit-stop","7":"desktop-align-left","8":"tablet-align-left","9":"mobile-align-left","10":"ast-product-gallery-layout-horizontal","11":"ast-product-tabs-layout-vertical","13":"first","14":"onbackorder","15":"sold-individually","16":"shipping-taxable","17":"purchasable","18":"product-type-simple"},"_links":{"self":[{"href":"https:\/\/sevenbikers.com.br\/loja\/wp-json\/wp\/v2\/product\/2280","targetHints":{"allow":["GET"]}}],"collection":[{"href":"https:\/\/sevenbikers.com.br\/loja\/wp-json\/wp\/v2\/product"}],"about":[{"href":"https:\/\/sevenbikers.com.br\/loja\/wp-json\/wp\/v2\/types\/product"}],"wp:featuredmedia":[{"embeddable":true,"href":"https:\/\/sevenbikers.com.br\/loja\/wp-json\/wp\/v2\/media\/2282"}],"wp:attachment":[{"href":"https:\/\/sevenbikers.com.br\/loja\/wp-json\/wp\/v2\/media?parent=2280"}],"wp:term":[{"taxonomy":"product_brand","embeddable":true,"href":"https:\/\/sevenbikers.com.br\/loja\/wp-json\/wp\/v2\/product_brand?post=2280"},{"taxonomy":"product_cat","embeddable":true,"href":"https:\/\/sevenbikers.com.br\/loja\/wp-json\/wp\/v2\/product_cat?post=2280"},{"taxonomy":"product_tag","embeddable":true,"href":"https:\/\/sevenbikers.com.br\/loja\/wp-json\/wp\/v2\/product_tag?post=2280"}],"curies":[{"name":"wp","href":"https:\/\/api.w.org\/{rel}","templated":true}]}}