{"id":1818,"date":"2021-01-07T17:19:19","date_gmt":"2021-01-07T20:19:19","guid":{"rendered":"https:\/\/sevenbikers.com.br\/loja\/?post_type=product&#038;p=1818"},"modified":"2025-10-28T16:31:38","modified_gmt":"2025-10-28T19:31:38","slug":"mochila-de-hidratacao","status":"publish","type":"product","link":"https:\/\/sevenbikers.com.br\/loja\/produto\/mochila-de-hidratacao\/","title":{"rendered":"Mochila de Hidrata\u00e7\u00e3o"},"content":{"rendered":"<p>A <strong>Mochila de Hidrata\u00e7\u00e3o<\/strong> <strong>Seven Bikers<\/strong> \u00e9 extremamente leve e possui perfil afinado que se ajusta perfeitamente ao dorso do atleta. Possui al\u00e7as que evitam o suor, um compartimento principal para armazenamento do refil, um bolso extra com outro pequeno telado interno e mais dois bolsos laterais telados. Confeccionado em nylon fox, fitas de nylon para maior resist\u00eancia, costado estruturado em espuma acr\u00edlica de 6mm, compartimento do sistema de hidrata\u00e7\u00e3o com acesso superior, <strong>acompanha reservat\u00f3rio Hydrat Pr\u00f3 de 2 litros<\/strong> deslizante PVC, mangueira de abastecimento com bico dosador, fechamentos em z\u00edper, fita de fixa\u00e7\u00e3o de lanterna traseira, acolchoada em tecido aerado de 3 camadas, sistema de ajuste peitoral com regulagem de altura, revestimento interno em Alumi Term que mant\u00e9m a temperatura.<\/p>\n<p>Medidas: L: 22cm x A: 35cm x P: 9cm<\/p>\n<p>Marca: Pr\u00f3bike<\/p>\n","protected":false},"excerpt":{"rendered":"<p>A Mochila de Hidrata\u00e7\u00e3o Seven Bikers \u00e9 extremamente leve e possui perfil afinado que se ajusta perfeitamente ao dorso do atleta. Possui al\u00e7as que evitam o suor, um compartimento principal para armazenamento do refil, um bolso extra com outro pequeno telado interno e mais dois bolsos laterais telados. Confeccionado em nylon fox, fitas de nylon [&hellip;]<\/p>\n","protected":false},"featured_media":1815,"template":"","meta":{"site-sidebar-layout":"default","site-content-layout":"default","ast-site-content-layout":"default","site-content-style":"default","site-sidebar-style":"default","ast-global-header-display":"","ast-banner-title-visibility":"","ast-main-header-display":"","ast-hfb-above-header-display":"","ast-hfb-below-header-display":"","ast-hfb-mobile-header-display":"","site-post-title":"","ast-breadcrumbs-content":"","ast-featured-img":"","footer-sml-layout":"","ast-disable-related-posts":"","theme-transparent-header-meta":"default","adv-header-id-meta":"","stick-header-meta":"default","header-above-stick-meta":"","header-main-stick-meta":"","header-below-stick-meta":"","astra-migrate-meta-layouts":"set","ast-page-background-enabled":"default","ast-page-background-meta":{"desktop":{"background-color":"","background-image":"","background-repeat":"repeat","background-position":"center center","background-size":"auto","background-attachment":"scroll","background-type":"","background-media":"","overlay-type":"","overlay-color":"","overlay-opacity":"","overlay-gradient":""},"tablet":{"background-color":"","background-image":"","background-repeat":"repeat","background-position":"center center","background-size":"auto","background-attachment":"scroll","background-type":"","background-media":"","overlay-type":"","overlay-color":"","overlay-opacity":"","overlay-gradient":""},"mobile":{"background-color":"","background-image":"","background-repeat":"repeat","background-position":"center center","background-size":"auto","background-attachment":"scroll","background-type":"","background-media":"","overlay-type":"","overlay-color":"","overlay-opacity":"","overlay-gradient":""}},"ast-content-background-meta":{"desktop":{"background-color":"var(--ast-global-color-5)","background-image":"","background-repeat":"repeat","background-position":"center center","background-size":"auto","background-attachment":"scroll","background-type":"","background-media":"","overlay-type":"","overlay-color":"","overlay-opacity":"","overlay-gradient":""},"tablet":{"background-color":"var(--ast-global-color-5)","background-image":"","background-repeat":"repeat","background-position":"center center","background-size":"auto","background-attachment":"scroll","background-type":"","background-media":"","overlay-type":"","overlay-color":"","overlay-opacity":"","overlay-gradient":""},"mobile":{"background-color":"var(--ast-global-color-5)","background-image":"","background-repeat":"repeat","background-position":"center center","background-size":"auto","background-attachment":"scroll","background-type":"","background-media":"","overlay-type":"","overlay-color":"","overlay-opacity":"","overlay-gradient":""}}},"product_brand":[],"product_cat":[39,65],"product_tag":[],"class_list":{"0":"post-1818","1":"product","2":"type-product","3":"status-publish","4":"has-post-thumbnail","6":"product_cat-acessorios","7":"product_cat-mochila-de-hidratacao","8":"desktop-align-left","9":"tablet-align-left","10":"mobile-align-left","11":"ast-product-gallery-layout-horizontal","12":"ast-product-tabs-layout-vertical","14":"first","15":"onbackorder","16":"shipping-taxable","17":"purchasable","18":"product-type-simple"},"_links":{"self":[{"href":"https:\/\/sevenbikers.com.br\/loja\/wp-json\/wp\/v2\/product\/1818","targetHints":{"allow":["GET"]}}],"collection":[{"href":"https:\/\/sevenbikers.com.br\/loja\/wp-json\/wp\/v2\/product"}],"about":[{"href":"https:\/\/sevenbikers.com.br\/loja\/wp-json\/wp\/v2\/types\/product"}],"wp:featuredmedia":[{"embeddable":true,"href":"https:\/\/sevenbikers.com.br\/loja\/wp-json\/wp\/v2\/media\/1815"}],"wp:attachment":[{"href":"https:\/\/sevenbikers.com.br\/loja\/wp-json\/wp\/v2\/media?parent=1818"}],"wp:term":[{"taxonomy":"product_brand","embeddable":true,"href":"https:\/\/sevenbikers.com.br\/loja\/wp-json\/wp\/v2\/product_brand?post=1818"},{"taxonomy":"product_cat","embeddable":true,"href":"https:\/\/sevenbikers.com.br\/loja\/wp-json\/wp\/v2\/product_cat?post=1818"},{"taxonomy":"product_tag","embeddable":true,"href":"https:\/\/sevenbikers.com.br\/loja\/wp-json\/wp\/v2\/product_tag?post=1818"}],"curies":[{"name":"wp","href":"https:\/\/api.w.org\/{rel}","templated":true}]}}