{"id":1564,"date":"2021-01-04T10:51:27","date_gmt":"2021-01-04T13:51:27","guid":{"rendered":"https:\/\/sevenbikers.com.br\/loja\/?post_type=product&#038;p=1564"},"modified":"2025-10-16T09:13:45","modified_gmt":"2025-10-16T12:13:45","slug":"bandeira","status":"publish","type":"product","link":"https:\/\/sevenbikers.com.br\/loja\/produto\/bandeira\/","title":{"rendered":"BANDEIRA SEVEN BIKERS"},"content":{"rendered":"<p>A <strong>Bandeira Seven Bikers <\/strong>\u00e9 um s\u00edmbolo daquilo que o grupo representa. Nas fotos de grupos \u00e9 um item quase indispens\u00e1vel. Pode ser frente \u00fanica ou dupla face e o nome do grupo vai abaixo do logotipo. Tecido 100% poli\u00e9ster, sublimado, costurado com linhas especiais de alta resist\u00eancia.<\/p>\n<p>Tamanho: 1,00 x 1,45m.<\/p>\n","protected":false},"excerpt":{"rendered":"<p>A Bandeira Seven Bikers \u00e9 um s\u00edmbolo daquilo que o grupo representa. Nas fotos de grupos \u00e9 um item quase indispens\u00e1vel. Pode ser frente \u00fanica ou dupla face e o nome do grupo vai abaixo do logotipo. Tecido 100% poli\u00e9ster, sublimado, costurado com linhas especiais de alta resist\u00eancia. Tamanho: 1,00 x 1,45m.<\/p>\n","protected":false},"featured_media":1565,"template":"","meta":{"site-sidebar-layout":"default","site-content-layout":"default","ast-site-content-layout":"default","site-content-style":"default","site-sidebar-style":"default","ast-global-header-display":"","ast-banner-title-visibility":"","ast-main-header-display":"","ast-hfb-above-header-display":"","ast-hfb-below-header-display":"","ast-hfb-mobile-header-display":"","site-post-title":"","ast-breadcrumbs-content":"","ast-featured-img":"","footer-sml-layout":"","ast-disable-related-posts":"","theme-transparent-header-meta":"default","adv-header-id-meta":"","stick-header-meta":"default","header-above-stick-meta":"","header-main-stick-meta":"","header-below-stick-meta":"","astra-migrate-meta-layouts":"set","ast-page-background-enabled":"default","ast-page-background-meta":{"desktop":{"background-color":"","background-image":"","background-repeat":"repeat","background-position":"center center","background-size":"auto","background-attachment":"scroll","background-type":"","background-media":"","overlay-type":"","overlay-color":"","overlay-opacity":"","overlay-gradient":""},"tablet":{"background-color":"","background-image":"","background-repeat":"repeat","background-position":"center center","background-size":"auto","background-attachment":"scroll","background-type":"","background-media":"","overlay-type":"","overlay-color":"","overlay-opacity":"","overlay-gradient":""},"mobile":{"background-color":"","background-image":"","background-repeat":"repeat","background-position":"center center","background-size":"auto","background-attachment":"scroll","background-type":"","background-media":"","overlay-type":"","overlay-color":"","overlay-opacity":"","overlay-gradient":""}},"ast-content-background-meta":{"desktop":{"background-color":"var(--ast-global-color-5)","background-image":"","background-repeat":"repeat","background-position":"center center","background-size":"auto","background-attachment":"scroll","background-type":"","background-media":"","overlay-type":"","overlay-color":"","overlay-opacity":"","overlay-gradient":""},"tablet":{"background-color":"var(--ast-global-color-5)","background-image":"","background-repeat":"repeat","background-position":"center center","background-size":"auto","background-attachment":"scroll","background-type":"","background-media":"","overlay-type":"","overlay-color":"","overlay-opacity":"","overlay-gradient":""},"mobile":{"background-color":"var(--ast-global-color-5)","background-image":"","background-repeat":"repeat","background-position":"center center","background-size":"auto","background-attachment":"scroll","background-type":"","background-media":"","overlay-type":"","overlay-color":"","overlay-opacity":"","overlay-gradient":""}}},"product_brand":[],"product_cat":[39,59],"product_tag":[],"class_list":{"0":"post-1564","1":"product","2":"type-product","3":"status-publish","4":"has-post-thumbnail","6":"product_cat-acessorios","7":"product_cat-bandeira","8":"desktop-align-left","9":"tablet-align-left","10":"mobile-align-left","11":"ast-product-gallery-layout-horizontal","12":"ast-product-single-variable","13":"ast-product-tabs-layout-vertical","15":"first","16":"onbackorder","17":"shipping-taxable","18":"purchasable","19":"product-type-variable"},"_links":{"self":[{"href":"https:\/\/sevenbikers.com.br\/loja\/wp-json\/wp\/v2\/product\/1564","targetHints":{"allow":["GET"]}}],"collection":[{"href":"https:\/\/sevenbikers.com.br\/loja\/wp-json\/wp\/v2\/product"}],"about":[{"href":"https:\/\/sevenbikers.com.br\/loja\/wp-json\/wp\/v2\/types\/product"}],"wp:featuredmedia":[{"embeddable":true,"href":"https:\/\/sevenbikers.com.br\/loja\/wp-json\/wp\/v2\/media\/1565"}],"wp:attachment":[{"href":"https:\/\/sevenbikers.com.br\/loja\/wp-json\/wp\/v2\/media?parent=1564"}],"wp:term":[{"taxonomy":"product_brand","embeddable":true,"href":"https:\/\/sevenbikers.com.br\/loja\/wp-json\/wp\/v2\/product_brand?post=1564"},{"taxonomy":"product_cat","embeddable":true,"href":"https:\/\/sevenbikers.com.br\/loja\/wp-json\/wp\/v2\/product_cat?post=1564"},{"taxonomy":"product_tag","embeddable":true,"href":"https:\/\/sevenbikers.com.br\/loja\/wp-json\/wp\/v2\/product_tag?post=1564"}],"curies":[{"name":"wp","href":"https:\/\/api.w.org\/{rel}","templated":true}]}}