{"id":12122,"date":"2026-01-19T18:45:41","date_gmt":"2026-01-19T21:45:41","guid":{"rendered":"https:\/\/sevenbikers.com.br\/loja\/?post_type=product&#038;p=12122"},"modified":"2026-01-21T16:24:23","modified_gmt":"2026-01-21T19:24:23","slug":"macaquinho-feminino-brasil-2026","status":"publish","type":"product","link":"https:\/\/sevenbikers.com.br\/loja\/produto\/macaquinho-feminino-brasil-2026\/","title":{"rendered":"MACAQUINHO FEMININO BRASIL 2026"},"content":{"rendered":"<p>Tecido Compressivo Sportiva Pro da Sta Const\u00e2ncia<br \/>\nTecido Cirre poli\u00e9ster nas partes sublimadas Poliester 90% e 10%Elastano<br \/>\nFormato Anat\u00f4mico<br \/>\n<span style=\"font-size: 16px;\">3 Bolsos nas costas<br \/>\n<\/span>Ziper YKK na frente<br \/>\nTecido duplo na parte do bumbum para evitar transpar\u00eancia (Bermuda feminina)<br \/>\nC\u00f3s para melhor ajuste (Bermuda feminina)<br \/>\nCostura flat que evita desconforto<br \/>\nCom barras compress\u00e3o, sem el\u00e1stico<\/p>\n<p><strong>FORRO DENSIDADE 60:\u00a0<\/strong><br \/>\nProduto Importado Qualidade Premium<br \/>\nComposi\u00e7\u00e3o do Tecido: 100% Poli\u00e9ster<br \/>\nTratamento Antibactericida<br \/>\nTecido de r\u00e1pida transpira\u00e7\u00e3o<br \/>\nGel de dupla densidade<br \/>\nCor Rosa (Feminino)<br \/>\n3 Horas de Dura\u00e7\u00e3o (pedal)<\/p>\n<p>&nbsp;<\/p>\n<p><strong>FORRO DENSIDADE 120 (ULTRA):<br \/>\n<\/strong>Produto Importado Qualidade Premium<br \/>\nComposi\u00e7\u00e3o do Tecido: 100% Poli\u00e9ster<br \/>\nTratamento Antibactericida<br \/>\nTecido de r\u00e1pida transpira\u00e7\u00e3o<br \/>\nEspuma de dupla densidade<br \/>\nCor Azul (Unissex)<br \/>\n10 Horas de Dura\u00e7\u00e3o (pedal)<\/p>\n","protected":false},"excerpt":{"rendered":"<p><strong>VER TABELAS DE MEDIDAS. N\u00c3O ACEITAREMOS DEVOLU\u00c7\u00c3O POR ERROS NAS MEDIDAS.<\/strong><\/p>\n","protected":false},"featured_media":11969,"template":"","meta":{"site-sidebar-layout":"default","site-content-layout":"default","ast-site-content-layout":"default","site-content-style":"default","site-sidebar-style":"default","ast-global-header-display":"","ast-banner-title-visibility":"","ast-main-header-display":"","ast-hfb-above-header-display":"","ast-hfb-below-header-display":"","ast-hfb-mobile-header-display":"","site-post-title":"","ast-breadcrumbs-content":"","ast-featured-img":"","footer-sml-layout":"","ast-disable-related-posts":"","theme-transparent-header-meta":"default","adv-header-id-meta":"","stick-header-meta":"default","header-above-stick-meta":"","header-main-stick-meta":"","header-below-stick-meta":"","astra-migrate-meta-layouts":"set","ast-page-background-enabled":"default","ast-page-background-meta":{"desktop":{"background-color":"","background-image":"","background-repeat":"repeat","background-position":"center center","background-size":"auto","background-attachment":"scroll","background-type":"","background-media":"","overlay-type":"","overlay-color":"","overlay-opacity":"","overlay-gradient":""},"tablet":{"background-color":"","background-image":"","background-repeat":"repeat","background-position":"center center","background-size":"auto","background-attachment":"scroll","background-type":"","background-media":"","overlay-type":"","overlay-color":"","overlay-opacity":"","overlay-gradient":""},"mobile":{"background-color":"","background-image":"","background-repeat":"repeat","background-position":"center center","background-size":"auto","background-attachment":"scroll","background-type":"","background-media":"","overlay-type":"","overlay-color":"","overlay-opacity":"","overlay-gradient":""}},"ast-content-background-meta":{"desktop":{"background-color":"var(--ast-global-color-5)","background-image":"","background-repeat":"repeat","background-position":"center center","background-size":"auto","background-attachment":"scroll","background-type":"","background-media":"","overlay-type":"","overlay-color":"","overlay-opacity":"","overlay-gradient":""},"tablet":{"background-color":"var(--ast-global-color-5)","background-image":"","background-repeat":"repeat","background-position":"center center","background-size":"auto","background-attachment":"scroll","background-type":"","background-media":"","overlay-type":"","overlay-color":"","overlay-opacity":"","overlay-gradient":""},"mobile":{"background-color":"var(--ast-global-color-5)","background-image":"","background-repeat":"repeat","background-position":"center center","background-size":"auto","background-attachment":"scroll","background-type":"","background-media":"","overlay-type":"","overlay-color":"","overlay-opacity":"","overlay-gradient":""}}},"product_brand":[],"product_cat":[330,314],"product_tag":[],"class_list":{"0":"post-12122","1":"product","2":"type-product","3":"status-publish","4":"has-post-thumbnail","6":"product_cat-macaquinho-feminino-brasil-2026","7":"product_cat-camisa-brasil-2026","8":"desktop-align-left","9":"tablet-align-left","10":"mobile-align-left","11":"ast-product-gallery-layout-horizontal","12":"ast-product-single-variable","13":"ast-product-tabs-layout-vertical","15":"first","16":"onbackorder","17":"featured","18":"shipping-taxable","19":"purchasable","20":"product-type-variable"},"_links":{"self":[{"href":"https:\/\/sevenbikers.com.br\/loja\/wp-json\/wp\/v2\/product\/12122","targetHints":{"allow":["GET"]}}],"collection":[{"href":"https:\/\/sevenbikers.com.br\/loja\/wp-json\/wp\/v2\/product"}],"about":[{"href":"https:\/\/sevenbikers.com.br\/loja\/wp-json\/wp\/v2\/types\/product"}],"wp:featuredmedia":[{"embeddable":true,"href":"https:\/\/sevenbikers.com.br\/loja\/wp-json\/wp\/v2\/media\/11969"}],"wp:attachment":[{"href":"https:\/\/sevenbikers.com.br\/loja\/wp-json\/wp\/v2\/media?parent=12122"}],"wp:term":[{"taxonomy":"product_brand","embeddable":true,"href":"https:\/\/sevenbikers.com.br\/loja\/wp-json\/wp\/v2\/product_brand?post=12122"},{"taxonomy":"product_cat","embeddable":true,"href":"https:\/\/sevenbikers.com.br\/loja\/wp-json\/wp\/v2\/product_cat?post=12122"},{"taxonomy":"product_tag","embeddable":true,"href":"https:\/\/sevenbikers.com.br\/loja\/wp-json\/wp\/v2\/product_tag?post=12122"}],"curies":[{"name":"wp","href":"https:\/\/api.w.org\/{rel}","templated":true}]}}